{"id":33,"date":"2021-01-13T22:15:32","date_gmt":"2021-01-13T22:15:32","guid":{"rendered":"https:\/\/test.barxell.com\/?page_id=33"},"modified":"2021-03-25T19:25:48","modified_gmt":"2021-03-25T19:25:48","slug":"como-lo-hago","status":"publish","type":"page","link":"https:\/\/losbichosdediego.com\/?page_id=33","title":{"rendered":"\u00bfC\u00f3mo lo hago?"},"content":{"rendered":"<div class=\"wp-block-group\"><div class=\"wp-block-group__inner-container is-layout-flow wp-block-group-is-layout-flow\"><div class=\"wp-block-themeisle-blocks-advanced-columns has-1-columns has-desktop-equal-layout has-tablet-equal-layout has-mobile-equal-layout has-default-gap has-vertical-unset\" id=\"wp-block-themeisle-blocks-advanced-columns-cd0e6e99\"><div class=\"wp-block-themeisle-blocks-advanced-columns-overlay\"><\/div><div class=\"innerblocks-wrap\"><div class=\"wp-block-themeisle-blocks-advanced-column\" id=\"wp-block-themeisle-blocks-advanced-column-0e6988fe\"><p>Cuando salimos de excursi\u00f3n a la monta\u00f1a, siempre vamos equipados con nuestro caza bichos ?? y el m\u00f3vil de pap\u00e1 o mam\u00e1 para hacer unas buenas fotos.<\/p>\n\n<p><br>Yo siempre voy muy atento a cualquier cosa que se mueve. La mejor \u00e9poca para cazar bichos es la primavera y el verano ??, y como hace buen tiempo y calorcito, se est\u00e1 m\u00e1s a gusto.<\/p>\n\n<p>Utilizo mi aspirador profesional de bichos:<\/p>\n\n<div class=\"wp-block-image\"><figure class=\"aligncenter size-large\"><img loading=\"lazy\" decoding=\"async\" width=\"320\" height=\"240\" src=\"https:\/\/losbichosdediego.com\/wp-content\/uploads\/2021\/01\/como_1.jpg\" alt=\"\" class=\"wp-image-34\" srcset=\"https:\/\/losbichosdediego.com\/wp-content\/uploads\/2021\/01\/como_1.jpg 320w, https:\/\/losbichosdediego.com\/wp-content\/uploads\/2021\/01\/como_1-300x225.jpg 300w\" sizes=\"(max-width: 320px) 100vw, 320px\" \/><\/figure><\/div><\/div><\/div><\/div><\/div><\/div><p>Lo acerco al bicho y con el aspirador entra en el bote que est\u00e1 en la parte de abajo del cazabichos. Una vez entra en el bote, cierro la tapa para que no se escape. Luego, lo miro con la lupa.<\/p><div class=\"wp-block-image\"><figure class=\"aligncenter size-large\"><img loading=\"lazy\" decoding=\"async\" width=\"320\" height=\"240\" src=\"https:\/\/losbichosdediego.com\/wp-content\/uploads\/2021\/01\/como_2.jpg\" alt=\"\" class=\"wp-image-35\" srcset=\"https:\/\/losbichosdediego.com\/wp-content\/uploads\/2021\/01\/como_2.jpg 320w, https:\/\/losbichosdediego.com\/wp-content\/uploads\/2021\/01\/como_2-300x225.jpg 300w\" sizes=\"(max-width: 320px) 100vw, 320px\" \/><\/figure><\/div><p>Otras veces los ponemos en la jaula para bichos. As\u00ed, podemos recoger unos cuantos y luego mirarlos tranquilamente y hacerles fotos.<\/p><div class=\"wp-block-image\"><figure class=\"aligncenter size-large\"><img loading=\"lazy\" decoding=\"async\" width=\"320\" height=\"240\" src=\"https:\/\/losbichosdediego.com\/wp-content\/uploads\/2021\/01\/como_3.jpg\" alt=\"\" class=\"wp-image-36\" srcset=\"https:\/\/losbichosdediego.com\/wp-content\/uploads\/2021\/01\/como_3.jpg 320w, https:\/\/losbichosdediego.com\/wp-content\/uploads\/2021\/01\/como_3-300x225.jpg 300w\" sizes=\"(max-width: 320px) 100vw, 320px\" \/><\/figure><\/div><p>Por \u00faltimo, los soltamos cerca del sitio donde los hab\u00edamos cogido. Esto es muy importante!!<\/p><p class=\"has-text-align-center\">??????????????<br>??????<\/p><p class=\"has-text-align-center\">????<\/p>","protected":false},"excerpt":{"rendered":"<p>Lo acerco al bicho y con el aspirador entra en el bote que est\u00e1 en la parte de abajo del cazabichos. Una vez entra en el bote, cierro la tapa para que no se escape. Luego, lo miro con la lupa. Otras veces los ponemos en la jaula para bichos. [&hellip;]<\/p>\n","protected":false},"author":2,"featured_media":0,"parent":0,"menu_order":0,"comment_status":"closed","ping_status":"closed","template":"","meta":{"footnotes":""},"class_list":["post-33","page","type-page","status-publish","hentry"],"yoast_head":"<!-- This site is optimized with the Yoast SEO plugin v23.4 - https:\/\/yoast.com\/wordpress\/plugins\/seo\/ -->\n<title>\u00bfC\u00f3mo lo hago? - Los bichos de Diego<\/title>\n<meta name=\"robots\" content=\"index, follow, max-snippet:-1, max-image-preview:large, max-video-preview:-1\" \/>\n<link rel=\"canonical\" href=\"https:\/\/losbichosdediego.com\/?page_id=33\" \/>\n<meta property=\"og:locale\" content=\"es_ES\" \/>\n<meta property=\"og:type\" content=\"article\" \/>\n<meta property=\"og:title\" content=\"\u00bfC\u00f3mo lo hago? - Los bichos de Diego\" \/>\n<meta property=\"og:description\" content=\"Lo acerco al bicho y con el aspirador entra en el bote que est\u00e1 en la parte de abajo del cazabichos. Una vez entra en el bote, cierro la tapa para que no se escape. Luego, lo miro con la lupa. Otras veces los ponemos en la jaula para bichos. [&hellip;]\" \/>\n<meta property=\"og:url\" content=\"https:\/\/losbichosdediego.com\/?page_id=33\" \/>\n<meta property=\"og:site_name\" content=\"Los bichos de Diego\" \/>\n<meta property=\"article:modified_time\" content=\"2021-03-25T19:25:48+00:00\" \/>\n<meta property=\"og:image\" content=\"https:\/\/losbichosdediego.com\/wp-content\/uploads\/2021\/01\/como_1.jpg\" \/>\n<meta name=\"twitter:card\" content=\"summary_large_image\" \/>\n<meta name=\"twitter:label1\" content=\"Tiempo de lectura\" \/>\n\t<meta name=\"twitter:data1\" content=\"2 minutos\" \/>\n<script type=\"application\/ld+json\" class=\"yoast-schema-graph\">{\"@context\":\"https:\/\/schema.org\",\"@graph\":[{\"@type\":\"WebPage\",\"@id\":\"https:\/\/losbichosdediego.com\/?page_id=33\",\"url\":\"https:\/\/losbichosdediego.com\/?page_id=33\",\"name\":\"\u00bfC\u00f3mo lo hago? - Los bichos de Diego\",\"isPartOf\":{\"@id\":\"https:\/\/losbichosdediego.com\/#website\"},\"primaryImageOfPage\":{\"@id\":\"https:\/\/losbichosdediego.com\/?page_id=33#primaryimage\"},\"image\":{\"@id\":\"https:\/\/losbichosdediego.com\/?page_id=33#primaryimage\"},\"thumbnailUrl\":\"https:\/\/losbichosdediego.com\/wp-content\/uploads\/2021\/01\/como_1.jpg\",\"datePublished\":\"2021-01-13T22:15:32+00:00\",\"dateModified\":\"2021-03-25T19:25:48+00:00\",\"breadcrumb\":{\"@id\":\"https:\/\/losbichosdediego.com\/?page_id=33#breadcrumb\"},\"inLanguage\":\"es\",\"potentialAction\":[{\"@type\":\"ReadAction\",\"target\":[\"https:\/\/losbichosdediego.com\/?page_id=33\"]}]},{\"@type\":\"ImageObject\",\"inLanguage\":\"es\",\"@id\":\"https:\/\/losbichosdediego.com\/?page_id=33#primaryimage\",\"url\":\"https:\/\/losbichosdediego.com\/wp-content\/uploads\/2021\/01\/como_1.jpg\",\"contentUrl\":\"https:\/\/losbichosdediego.com\/wp-content\/uploads\/2021\/01\/como_1.jpg\",\"width\":320,\"height\":240},{\"@type\":\"BreadcrumbList\",\"@id\":\"https:\/\/losbichosdediego.com\/?page_id=33#breadcrumb\",\"itemListElement\":[{\"@type\":\"ListItem\",\"position\":1,\"name\":\"Home\",\"item\":\"https:\/\/losbichosdediego.com\/\"},{\"@type\":\"ListItem\",\"position\":2,\"name\":\"\u00bfC\u00f3mo lo hago?\"}]},{\"@type\":\"WebSite\",\"@id\":\"https:\/\/losbichosdediego.com\/#website\",\"url\":\"https:\/\/losbichosdediego.com\/\",\"name\":\"Los bichos de Diego\",\"description\":\"\",\"publisher\":{\"@id\":\"https:\/\/losbichosdediego.com\/#organization\"},\"potentialAction\":[{\"@type\":\"SearchAction\",\"target\":{\"@type\":\"EntryPoint\",\"urlTemplate\":\"https:\/\/losbichosdediego.com\/?s={search_term_string}\"},\"query-input\":{\"@type\":\"PropertyValueSpecification\",\"valueRequired\":true,\"valueName\":\"search_term_string\"}}],\"inLanguage\":\"es\"},{\"@type\":\"Organization\",\"@id\":\"https:\/\/losbichosdediego.com\/#organization\",\"name\":\"Los bichos de Diego\",\"url\":\"https:\/\/losbichosdediego.com\/\",\"logo\":{\"@type\":\"ImageObject\",\"inLanguage\":\"es\",\"@id\":\"https:\/\/losbichosdediego.com\/#\/schema\/logo\/image\/\",\"url\":\"https:\/\/losbichosdediego.com\/wp-content\/uploads\/2021\/01\/cropped-Logo_bichos.png\",\"contentUrl\":\"https:\/\/losbichosdediego.com\/wp-content\/uploads\/2021\/01\/cropped-Logo_bichos.png\",\"width\":1200,\"height\":300,\"caption\":\"Los bichos de Diego\"},\"image\":{\"@id\":\"https:\/\/losbichosdediego.com\/#\/schema\/logo\/image\/\"}}]}<\/script>\n<!-- \/ Yoast SEO plugin. -->","yoast_head_json":{"title":"\u00bfC\u00f3mo lo hago? - Los bichos de Diego","robots":{"index":"index","follow":"follow","max-snippet":"max-snippet:-1","max-image-preview":"max-image-preview:large","max-video-preview":"max-video-preview:-1"},"canonical":"https:\/\/losbichosdediego.com\/?page_id=33","og_locale":"es_ES","og_type":"article","og_title":"\u00bfC\u00f3mo lo hago? - Los bichos de Diego","og_description":"Lo acerco al bicho y con el aspirador entra en el bote que est\u00e1 en la parte de abajo del cazabichos. Una vez entra en el bote, cierro la tapa para que no se escape. Luego, lo miro con la lupa. Otras veces los ponemos en la jaula para bichos. [&hellip;]","og_url":"https:\/\/losbichosdediego.com\/?page_id=33","og_site_name":"Los bichos de Diego","article_modified_time":"2021-03-25T19:25:48+00:00","og_image":[{"url":"https:\/\/losbichosdediego.com\/wp-content\/uploads\/2021\/01\/como_1.jpg"}],"twitter_card":"summary_large_image","twitter_misc":{"Tiempo de lectura":"2 minutos"},"schema":{"@context":"https:\/\/schema.org","@graph":[{"@type":"WebPage","@id":"https:\/\/losbichosdediego.com\/?page_id=33","url":"https:\/\/losbichosdediego.com\/?page_id=33","name":"\u00bfC\u00f3mo lo hago? - Los bichos de Diego","isPartOf":{"@id":"https:\/\/losbichosdediego.com\/#website"},"primaryImageOfPage":{"@id":"https:\/\/losbichosdediego.com\/?page_id=33#primaryimage"},"image":{"@id":"https:\/\/losbichosdediego.com\/?page_id=33#primaryimage"},"thumbnailUrl":"https:\/\/losbichosdediego.com\/wp-content\/uploads\/2021\/01\/como_1.jpg","datePublished":"2021-01-13T22:15:32+00:00","dateModified":"2021-03-25T19:25:48+00:00","breadcrumb":{"@id":"https:\/\/losbichosdediego.com\/?page_id=33#breadcrumb"},"inLanguage":"es","potentialAction":[{"@type":"ReadAction","target":["https:\/\/losbichosdediego.com\/?page_id=33"]}]},{"@type":"ImageObject","inLanguage":"es","@id":"https:\/\/losbichosdediego.com\/?page_id=33#primaryimage","url":"https:\/\/losbichosdediego.com\/wp-content\/uploads\/2021\/01\/como_1.jpg","contentUrl":"https:\/\/losbichosdediego.com\/wp-content\/uploads\/2021\/01\/como_1.jpg","width":320,"height":240},{"@type":"BreadcrumbList","@id":"https:\/\/losbichosdediego.com\/?page_id=33#breadcrumb","itemListElement":[{"@type":"ListItem","position":1,"name":"Home","item":"https:\/\/losbichosdediego.com\/"},{"@type":"ListItem","position":2,"name":"\u00bfC\u00f3mo lo hago?"}]},{"@type":"WebSite","@id":"https:\/\/losbichosdediego.com\/#website","url":"https:\/\/losbichosdediego.com\/","name":"Los bichos de Diego","description":"","publisher":{"@id":"https:\/\/losbichosdediego.com\/#organization"},"potentialAction":[{"@type":"SearchAction","target":{"@type":"EntryPoint","urlTemplate":"https:\/\/losbichosdediego.com\/?s={search_term_string}"},"query-input":{"@type":"PropertyValueSpecification","valueRequired":true,"valueName":"search_term_string"}}],"inLanguage":"es"},{"@type":"Organization","@id":"https:\/\/losbichosdediego.com\/#organization","name":"Los bichos de Diego","url":"https:\/\/losbichosdediego.com\/","logo":{"@type":"ImageObject","inLanguage":"es","@id":"https:\/\/losbichosdediego.com\/#\/schema\/logo\/image\/","url":"https:\/\/losbichosdediego.com\/wp-content\/uploads\/2021\/01\/cropped-Logo_bichos.png","contentUrl":"https:\/\/losbichosdediego.com\/wp-content\/uploads\/2021\/01\/cropped-Logo_bichos.png","width":1200,"height":300,"caption":"Los bichos de Diego"},"image":{"@id":"https:\/\/losbichosdediego.com\/#\/schema\/logo\/image\/"}}]}},"_links":{"self":[{"href":"https:\/\/losbichosdediego.com\/index.php?rest_route=\/wp\/v2\/pages\/33"}],"collection":[{"href":"https:\/\/losbichosdediego.com\/index.php?rest_route=\/wp\/v2\/pages"}],"about":[{"href":"https:\/\/losbichosdediego.com\/index.php?rest_route=\/wp\/v2\/types\/page"}],"author":[{"embeddable":true,"href":"https:\/\/losbichosdediego.com\/index.php?rest_route=\/wp\/v2\/users\/2"}],"replies":[{"embeddable":true,"href":"https:\/\/losbichosdediego.com\/index.php?rest_route=%2Fwp%2Fv2%2Fcomments&post=33"}],"version-history":[{"count":2,"href":"https:\/\/losbichosdediego.com\/index.php?rest_route=\/wp\/v2\/pages\/33\/revisions"}],"predecessor-version":[{"id":138,"href":"https:\/\/losbichosdediego.com\/index.php?rest_route=\/wp\/v2\/pages\/33\/revisions\/138"}],"wp:attachment":[{"href":"https:\/\/losbichosdediego.com\/index.php?rest_route=%2Fwp%2Fv2%2Fmedia&parent=33"}],"curies":[{"name":"wp","href":"https:\/\/api.w.org\/{rel}","templated":true}]}}