{"id":144,"date":"2021-03-27T18:50:59","date_gmt":"2021-03-27T18:50:59","guid":{"rendered":"https:\/\/losbichosdediego.com\/?post_type=product&#038;p=144"},"modified":"2021-03-27T18:58:14","modified_gmt":"2021-03-27T18:58:14","slug":"zapatero","status":"publish","type":"product","link":"https:\/\/losbichosdediego.com\/?product=zapatero","title":{"rendered":"Zapatero"},"content":{"rendered":"<p>El zapatero se mueve por encima del agua utilizando sus largas patas posteriores, las patas situadas al final de su cuerpo las utiliza a modo de tim\u00f3n para poder cambiar de direcci\u00f3n. Las patas delanteras quedan libres para poder atrapar peque\u00f1os insectos de los que se alimentan.<\/p>\n","protected":false},"excerpt":{"rendered":"<p><span>En el r\u00edo de Sella (Alicante)<\/span><\/p>\n","protected":false},"featured_media":145,"comment_status":"open","ping_status":"closed","template":"","meta":[],"product_cat":[84],"product_tag":[],"class_list":{"0":"post-144","1":"product","2":"type-product","3":"status-publish","4":"has-post-thumbnail","6":"product_cat-acuaticos","8":"first","9":"instock","10":"shipping-taxable","11":"product-type-simple"},"yoast_head":"<!-- This site is optimized with the Yoast SEO plugin v23.4 - https:\/\/yoast.com\/wordpress\/plugins\/seo\/ -->\n<title>Zapatero - Los bichos de Diego<\/title>\n<meta name=\"robots\" content=\"index, follow, max-snippet:-1, max-image-preview:large, max-video-preview:-1\" \/>\n<link rel=\"canonical\" href=\"https:\/\/losbichosdediego.com\/?product=zapatero\" \/>\n<meta property=\"og:locale\" content=\"es_ES\" \/>\n<meta property=\"og:type\" content=\"article\" \/>\n<meta property=\"og:title\" content=\"Zapatero - Los bichos de Diego\" \/>\n<meta property=\"og:description\" content=\"En el r\u00edo de Sella (Alicante)\" \/>\n<meta property=\"og:url\" content=\"https:\/\/losbichosdediego.com\/?product=zapatero\" \/>\n<meta property=\"og:site_name\" content=\"Los bichos de Diego\" \/>\n<meta property=\"article:modified_time\" content=\"2021-03-27T18:58:14+00:00\" \/>\n<meta property=\"og:image\" content=\"https:\/\/losbichosdediego.com\/wp-content\/uploads\/2021\/03\/Zapatero-scaled.jpg\" \/>\n\t<meta property=\"og:image:width\" content=\"2560\" \/>\n\t<meta property=\"og:image:height\" content=\"2560\" \/>\n\t<meta property=\"og:image:type\" content=\"image\/jpeg\" \/>\n<meta name=\"twitter:card\" content=\"summary_large_image\" \/>\n<meta name=\"twitter:label1\" content=\"Tiempo de lectura\" \/>\n\t<meta name=\"twitter:data1\" content=\"1 minuto\" \/>\n<script type=\"application\/ld+json\" class=\"yoast-schema-graph\">{\"@context\":\"https:\/\/schema.org\",\"@graph\":[{\"@type\":\"WebPage\",\"@id\":\"https:\/\/losbichosdediego.com\/?product=zapatero\",\"url\":\"https:\/\/losbichosdediego.com\/?product=zapatero\",\"name\":\"Zapatero - Los bichos de Diego\",\"isPartOf\":{\"@id\":\"https:\/\/losbichosdediego.com\/#website\"},\"primaryImageOfPage\":{\"@id\":\"https:\/\/losbichosdediego.com\/?product=zapatero#primaryimage\"},\"image\":{\"@id\":\"https:\/\/losbichosdediego.com\/?product=zapatero#primaryimage\"},\"thumbnailUrl\":\"https:\/\/losbichosdediego.com\/wp-content\/uploads\/2021\/03\/Zapatero-scaled.jpg\",\"datePublished\":\"2021-03-27T18:50:59+00:00\",\"dateModified\":\"2021-03-27T18:58:14+00:00\",\"breadcrumb\":{\"@id\":\"https:\/\/losbichosdediego.com\/?product=zapatero#breadcrumb\"},\"inLanguage\":\"es\",\"potentialAction\":[{\"@type\":\"ReadAction\",\"target\":[\"https:\/\/losbichosdediego.com\/?product=zapatero\"]}]},{\"@type\":\"ImageObject\",\"inLanguage\":\"es\",\"@id\":\"https:\/\/losbichosdediego.com\/?product=zapatero#primaryimage\",\"url\":\"https:\/\/losbichosdediego.com\/wp-content\/uploads\/2021\/03\/Zapatero-scaled.jpg\",\"contentUrl\":\"https:\/\/losbichosdediego.com\/wp-content\/uploads\/2021\/03\/Zapatero-scaled.jpg\",\"width\":2560,\"height\":2560,\"caption\":\"Zapatero\"},{\"@type\":\"BreadcrumbList\",\"@id\":\"https:\/\/losbichosdediego.com\/?product=zapatero#breadcrumb\",\"itemListElement\":[{\"@type\":\"ListItem\",\"position\":1,\"name\":\"Home\",\"item\":\"https:\/\/losbichosdediego.com\/\"},{\"@type\":\"ListItem\",\"position\":2,\"name\":\"Bichos\",\"item\":\"https:\/\/losbichosdediego.com\/?page_id=7\"},{\"@type\":\"ListItem\",\"position\":3,\"name\":\"Zapatero\"}]},{\"@type\":\"WebSite\",\"@id\":\"https:\/\/losbichosdediego.com\/#website\",\"url\":\"https:\/\/losbichosdediego.com\/\",\"name\":\"Los bichos de Diego\",\"description\":\"\",\"publisher\":{\"@id\":\"https:\/\/losbichosdediego.com\/#organization\"},\"potentialAction\":[{\"@type\":\"SearchAction\",\"target\":{\"@type\":\"EntryPoint\",\"urlTemplate\":\"https:\/\/losbichosdediego.com\/?s={search_term_string}\"},\"query-input\":{\"@type\":\"PropertyValueSpecification\",\"valueRequired\":true,\"valueName\":\"search_term_string\"}}],\"inLanguage\":\"es\"},{\"@type\":\"Organization\",\"@id\":\"https:\/\/losbichosdediego.com\/#organization\",\"name\":\"Los bichos de Diego\",\"url\":\"https:\/\/losbichosdediego.com\/\",\"logo\":{\"@type\":\"ImageObject\",\"inLanguage\":\"es\",\"@id\":\"https:\/\/losbichosdediego.com\/#\/schema\/logo\/image\/\",\"url\":\"https:\/\/losbichosdediego.com\/wp-content\/uploads\/2021\/01\/cropped-Logo_bichos.png\",\"contentUrl\":\"https:\/\/losbichosdediego.com\/wp-content\/uploads\/2021\/01\/cropped-Logo_bichos.png\",\"width\":1200,\"height\":300,\"caption\":\"Los bichos de Diego\"},\"image\":{\"@id\":\"https:\/\/losbichosdediego.com\/#\/schema\/logo\/image\/\"}}]}<\/script>\n<!-- \/ Yoast SEO plugin. -->","yoast_head_json":{"title":"Zapatero - Los bichos de Diego","robots":{"index":"index","follow":"follow","max-snippet":"max-snippet:-1","max-image-preview":"max-image-preview:large","max-video-preview":"max-video-preview:-1"},"canonical":"https:\/\/losbichosdediego.com\/?product=zapatero","og_locale":"es_ES","og_type":"article","og_title":"Zapatero - Los bichos de Diego","og_description":"En el r\u00edo de Sella (Alicante)","og_url":"https:\/\/losbichosdediego.com\/?product=zapatero","og_site_name":"Los bichos de Diego","article_modified_time":"2021-03-27T18:58:14+00:00","og_image":[{"width":2560,"height":2560,"url":"https:\/\/losbichosdediego.com\/wp-content\/uploads\/2021\/03\/Zapatero-scaled.jpg","type":"image\/jpeg"}],"twitter_card":"summary_large_image","twitter_misc":{"Tiempo de lectura":"1 minuto"},"schema":{"@context":"https:\/\/schema.org","@graph":[{"@type":"WebPage","@id":"https:\/\/losbichosdediego.com\/?product=zapatero","url":"https:\/\/losbichosdediego.com\/?product=zapatero","name":"Zapatero - Los bichos de Diego","isPartOf":{"@id":"https:\/\/losbichosdediego.com\/#website"},"primaryImageOfPage":{"@id":"https:\/\/losbichosdediego.com\/?product=zapatero#primaryimage"},"image":{"@id":"https:\/\/losbichosdediego.com\/?product=zapatero#primaryimage"},"thumbnailUrl":"https:\/\/losbichosdediego.com\/wp-content\/uploads\/2021\/03\/Zapatero-scaled.jpg","datePublished":"2021-03-27T18:50:59+00:00","dateModified":"2021-03-27T18:58:14+00:00","breadcrumb":{"@id":"https:\/\/losbichosdediego.com\/?product=zapatero#breadcrumb"},"inLanguage":"es","potentialAction":[{"@type":"ReadAction","target":["https:\/\/losbichosdediego.com\/?product=zapatero"]}]},{"@type":"ImageObject","inLanguage":"es","@id":"https:\/\/losbichosdediego.com\/?product=zapatero#primaryimage","url":"https:\/\/losbichosdediego.com\/wp-content\/uploads\/2021\/03\/Zapatero-scaled.jpg","contentUrl":"https:\/\/losbichosdediego.com\/wp-content\/uploads\/2021\/03\/Zapatero-scaled.jpg","width":2560,"height":2560,"caption":"Zapatero"},{"@type":"BreadcrumbList","@id":"https:\/\/losbichosdediego.com\/?product=zapatero#breadcrumb","itemListElement":[{"@type":"ListItem","position":1,"name":"Home","item":"https:\/\/losbichosdediego.com\/"},{"@type":"ListItem","position":2,"name":"Bichos","item":"https:\/\/losbichosdediego.com\/?page_id=7"},{"@type":"ListItem","position":3,"name":"Zapatero"}]},{"@type":"WebSite","@id":"https:\/\/losbichosdediego.com\/#website","url":"https:\/\/losbichosdediego.com\/","name":"Los bichos de Diego","description":"","publisher":{"@id":"https:\/\/losbichosdediego.com\/#organization"},"potentialAction":[{"@type":"SearchAction","target":{"@type":"EntryPoint","urlTemplate":"https:\/\/losbichosdediego.com\/?s={search_term_string}"},"query-input":{"@type":"PropertyValueSpecification","valueRequired":true,"valueName":"search_term_string"}}],"inLanguage":"es"},{"@type":"Organization","@id":"https:\/\/losbichosdediego.com\/#organization","name":"Los bichos de Diego","url":"https:\/\/losbichosdediego.com\/","logo":{"@type":"ImageObject","inLanguage":"es","@id":"https:\/\/losbichosdediego.com\/#\/schema\/logo\/image\/","url":"https:\/\/losbichosdediego.com\/wp-content\/uploads\/2021\/01\/cropped-Logo_bichos.png","contentUrl":"https:\/\/losbichosdediego.com\/wp-content\/uploads\/2021\/01\/cropped-Logo_bichos.png","width":1200,"height":300,"caption":"Los bichos de Diego"},"image":{"@id":"https:\/\/losbichosdediego.com\/#\/schema\/logo\/image\/"}}]}},"_links":{"self":[{"href":"https:\/\/losbichosdediego.com\/index.php?rest_route=\/wp\/v2\/product\/144"}],"collection":[{"href":"https:\/\/losbichosdediego.com\/index.php?rest_route=\/wp\/v2\/product"}],"about":[{"href":"https:\/\/losbichosdediego.com\/index.php?rest_route=\/wp\/v2\/types\/product"}],"replies":[{"embeddable":true,"href":"https:\/\/losbichosdediego.com\/index.php?rest_route=%2Fwp%2Fv2%2Fcomments&post=144"}],"wp:featuredmedia":[{"embeddable":true,"href":"https:\/\/losbichosdediego.com\/index.php?rest_route=\/wp\/v2\/media\/145"}],"wp:attachment":[{"href":"https:\/\/losbichosdediego.com\/index.php?rest_route=%2Fwp%2Fv2%2Fmedia&parent=144"}],"wp:term":[{"taxonomy":"product_cat","embeddable":true,"href":"https:\/\/losbichosdediego.com\/index.php?rest_route=%2Fwp%2Fv2%2Fproduct_cat&post=144"},{"taxonomy":"product_tag","embeddable":true,"href":"https:\/\/losbichosdediego.com\/index.php?rest_route=%2Fwp%2Fv2%2Fproduct_tag&post=144"}],"curies":[{"name":"wp","href":"https:\/\/api.w.org\/{rel}","templated":true}]}}