{"id":154,"date":"2021-03-30T18:16:45","date_gmt":"2021-03-30T18:16:45","guid":{"rendered":"https:\/\/losbichosdediego.com\/?post_type=product&#038;p=154"},"modified":"2025-12-02T07:44:22","modified_gmt":"2025-12-02T06:44:22","slug":"caballito-del-diablo-de-alas-negras","status":"publish","type":"product","link":"https:\/\/losbichosdediego.com\/?product=caballito-del-diablo-de-alas-negras","title":{"rendered":"Caballito del diablo de alas negras"},"content":{"rendered":"<p>Se diferencia de las lib\u00e9lula porque cuando est\u00e1n posadas, mantienen los dos pares de alas plegadas, no como las lib\u00e9lulas que las mantienen extendidas.<\/p>\n<p>Suele encontrarse cerca de r\u00edos o arroyos de poca profundidad.<\/p>\n","protected":false},"excerpt":{"rendered":"<p><span>En el r\u00edo de Sella (Alicante)<\/span><\/p>\n","protected":false},"featured_media":155,"comment_status":"open","ping_status":"closed","template":"","meta":[],"product_cat":[24],"product_tag":[],"class_list":{"0":"post-154","1":"product","2":"type-product","3":"status-publish","4":"has-post-thumbnail","6":"product_cat-voladores","8":"first","9":"instock","10":"shipping-taxable","11":"product-type-simple"},"yoast_head":"<!-- This site is optimized with the Yoast SEO plugin v23.4 - https:\/\/yoast.com\/wordpress\/plugins\/seo\/ -->\n<title>Caballito del diablo de alas negras - Los bichos de Diego<\/title>\n<meta name=\"robots\" content=\"index, follow, max-snippet:-1, max-image-preview:large, max-video-preview:-1\" \/>\n<link rel=\"canonical\" href=\"https:\/\/losbichosdediego.com\/?product=caballito-del-diablo-de-alas-negras\" \/>\n<meta property=\"og:locale\" content=\"es_ES\" \/>\n<meta property=\"og:type\" content=\"article\" \/>\n<meta property=\"og:title\" content=\"Caballito del diablo de alas negras - Los bichos de Diego\" \/>\n<meta property=\"og:description\" content=\"En el r\u00edo de Sella (Alicante)\" \/>\n<meta property=\"og:url\" content=\"https:\/\/losbichosdediego.com\/?product=caballito-del-diablo-de-alas-negras\" \/>\n<meta property=\"og:site_name\" content=\"Los bichos de Diego\" \/>\n<meta property=\"article:modified_time\" content=\"2025-12-02T06:44:22+00:00\" \/>\n<meta property=\"og:image\" content=\"https:\/\/losbichosdediego.com\/wp-content\/uploads\/2021\/03\/Caballito-del-diablo-negro-scaled.jpg\" \/>\n\t<meta property=\"og:image:width\" content=\"2560\" \/>\n\t<meta property=\"og:image:height\" content=\"2560\" \/>\n\t<meta property=\"og:image:type\" content=\"image\/jpeg\" \/>\n<meta name=\"twitter:card\" content=\"summary_large_image\" \/>\n<meta name=\"twitter:label1\" content=\"Tiempo de lectura\" \/>\n\t<meta name=\"twitter:data1\" content=\"1 minuto\" \/>\n<script type=\"application\/ld+json\" class=\"yoast-schema-graph\">{\"@context\":\"https:\/\/schema.org\",\"@graph\":[{\"@type\":\"WebPage\",\"@id\":\"https:\/\/losbichosdediego.com\/?product=caballito-del-diablo-de-alas-negras\",\"url\":\"https:\/\/losbichosdediego.com\/?product=caballito-del-diablo-de-alas-negras\",\"name\":\"Caballito del diablo de alas negras - Los bichos de Diego\",\"isPartOf\":{\"@id\":\"https:\/\/losbichosdediego.com\/#website\"},\"primaryImageOfPage\":{\"@id\":\"https:\/\/losbichosdediego.com\/?product=caballito-del-diablo-de-alas-negras#primaryimage\"},\"image\":{\"@id\":\"https:\/\/losbichosdediego.com\/?product=caballito-del-diablo-de-alas-negras#primaryimage\"},\"thumbnailUrl\":\"https:\/\/losbichosdediego.com\/wp-content\/uploads\/2021\/03\/Caballito-del-diablo-negro-scaled.jpg\",\"datePublished\":\"2021-03-30T18:16:45+00:00\",\"dateModified\":\"2025-12-02T06:44:22+00:00\",\"breadcrumb\":{\"@id\":\"https:\/\/losbichosdediego.com\/?product=caballito-del-diablo-de-alas-negras#breadcrumb\"},\"inLanguage\":\"es\",\"potentialAction\":[{\"@type\":\"ReadAction\",\"target\":[\"https:\/\/losbichosdediego.com\/?product=caballito-del-diablo-de-alas-negras\"]}]},{\"@type\":\"ImageObject\",\"inLanguage\":\"es\",\"@id\":\"https:\/\/losbichosdediego.com\/?product=caballito-del-diablo-de-alas-negras#primaryimage\",\"url\":\"https:\/\/losbichosdediego.com\/wp-content\/uploads\/2021\/03\/Caballito-del-diablo-negro-scaled.jpg\",\"contentUrl\":\"https:\/\/losbichosdediego.com\/wp-content\/uploads\/2021\/03\/Caballito-del-diablo-negro-scaled.jpg\",\"width\":2560,\"height\":2560,\"caption\":\"Caballito del diablo negro\"},{\"@type\":\"BreadcrumbList\",\"@id\":\"https:\/\/losbichosdediego.com\/?product=caballito-del-diablo-de-alas-negras#breadcrumb\",\"itemListElement\":[{\"@type\":\"ListItem\",\"position\":1,\"name\":\"Home\",\"item\":\"https:\/\/losbichosdediego.com\/\"},{\"@type\":\"ListItem\",\"position\":2,\"name\":\"Bichos\",\"item\":\"https:\/\/losbichosdediego.com\/?page_id=7\"},{\"@type\":\"ListItem\",\"position\":3,\"name\":\"Caballito del diablo de alas negras\"}]},{\"@type\":\"WebSite\",\"@id\":\"https:\/\/losbichosdediego.com\/#website\",\"url\":\"https:\/\/losbichosdediego.com\/\",\"name\":\"Los bichos de Diego\",\"description\":\"\",\"publisher\":{\"@id\":\"https:\/\/losbichosdediego.com\/#organization\"},\"potentialAction\":[{\"@type\":\"SearchAction\",\"target\":{\"@type\":\"EntryPoint\",\"urlTemplate\":\"https:\/\/losbichosdediego.com\/?s={search_term_string}\"},\"query-input\":{\"@type\":\"PropertyValueSpecification\",\"valueRequired\":true,\"valueName\":\"search_term_string\"}}],\"inLanguage\":\"es\"},{\"@type\":\"Organization\",\"@id\":\"https:\/\/losbichosdediego.com\/#organization\",\"name\":\"Los bichos de Diego\",\"url\":\"https:\/\/losbichosdediego.com\/\",\"logo\":{\"@type\":\"ImageObject\",\"inLanguage\":\"es\",\"@id\":\"https:\/\/losbichosdediego.com\/#\/schema\/logo\/image\/\",\"url\":\"https:\/\/losbichosdediego.com\/wp-content\/uploads\/2021\/01\/cropped-Logo_bichos.png\",\"contentUrl\":\"https:\/\/losbichosdediego.com\/wp-content\/uploads\/2021\/01\/cropped-Logo_bichos.png\",\"width\":1200,\"height\":300,\"caption\":\"Los bichos de Diego\"},\"image\":{\"@id\":\"https:\/\/losbichosdediego.com\/#\/schema\/logo\/image\/\"}}]}<\/script>\n<!-- \/ Yoast SEO plugin. -->","yoast_head_json":{"title":"Caballito del diablo de alas negras - Los bichos de Diego","robots":{"index":"index","follow":"follow","max-snippet":"max-snippet:-1","max-image-preview":"max-image-preview:large","max-video-preview":"max-video-preview:-1"},"canonical":"https:\/\/losbichosdediego.com\/?product=caballito-del-diablo-de-alas-negras","og_locale":"es_ES","og_type":"article","og_title":"Caballito del diablo de alas negras - Los bichos de Diego","og_description":"En el r\u00edo de Sella (Alicante)","og_url":"https:\/\/losbichosdediego.com\/?product=caballito-del-diablo-de-alas-negras","og_site_name":"Los bichos de Diego","article_modified_time":"2025-12-02T06:44:22+00:00","og_image":[{"width":2560,"height":2560,"url":"https:\/\/losbichosdediego.com\/wp-content\/uploads\/2021\/03\/Caballito-del-diablo-negro-scaled.jpg","type":"image\/jpeg"}],"twitter_card":"summary_large_image","twitter_misc":{"Tiempo de lectura":"1 minuto"},"schema":{"@context":"https:\/\/schema.org","@graph":[{"@type":"WebPage","@id":"https:\/\/losbichosdediego.com\/?product=caballito-del-diablo-de-alas-negras","url":"https:\/\/losbichosdediego.com\/?product=caballito-del-diablo-de-alas-negras","name":"Caballito del diablo de alas negras - Los bichos de Diego","isPartOf":{"@id":"https:\/\/losbichosdediego.com\/#website"},"primaryImageOfPage":{"@id":"https:\/\/losbichosdediego.com\/?product=caballito-del-diablo-de-alas-negras#primaryimage"},"image":{"@id":"https:\/\/losbichosdediego.com\/?product=caballito-del-diablo-de-alas-negras#primaryimage"},"thumbnailUrl":"https:\/\/losbichosdediego.com\/wp-content\/uploads\/2021\/03\/Caballito-del-diablo-negro-scaled.jpg","datePublished":"2021-03-30T18:16:45+00:00","dateModified":"2025-12-02T06:44:22+00:00","breadcrumb":{"@id":"https:\/\/losbichosdediego.com\/?product=caballito-del-diablo-de-alas-negras#breadcrumb"},"inLanguage":"es","potentialAction":[{"@type":"ReadAction","target":["https:\/\/losbichosdediego.com\/?product=caballito-del-diablo-de-alas-negras"]}]},{"@type":"ImageObject","inLanguage":"es","@id":"https:\/\/losbichosdediego.com\/?product=caballito-del-diablo-de-alas-negras#primaryimage","url":"https:\/\/losbichosdediego.com\/wp-content\/uploads\/2021\/03\/Caballito-del-diablo-negro-scaled.jpg","contentUrl":"https:\/\/losbichosdediego.com\/wp-content\/uploads\/2021\/03\/Caballito-del-diablo-negro-scaled.jpg","width":2560,"height":2560,"caption":"Caballito del diablo negro"},{"@type":"BreadcrumbList","@id":"https:\/\/losbichosdediego.com\/?product=caballito-del-diablo-de-alas-negras#breadcrumb","itemListElement":[{"@type":"ListItem","position":1,"name":"Home","item":"https:\/\/losbichosdediego.com\/"},{"@type":"ListItem","position":2,"name":"Bichos","item":"https:\/\/losbichosdediego.com\/?page_id=7"},{"@type":"ListItem","position":3,"name":"Caballito del diablo de alas negras"}]},{"@type":"WebSite","@id":"https:\/\/losbichosdediego.com\/#website","url":"https:\/\/losbichosdediego.com\/","name":"Los bichos de Diego","description":"","publisher":{"@id":"https:\/\/losbichosdediego.com\/#organization"},"potentialAction":[{"@type":"SearchAction","target":{"@type":"EntryPoint","urlTemplate":"https:\/\/losbichosdediego.com\/?s={search_term_string}"},"query-input":{"@type":"PropertyValueSpecification","valueRequired":true,"valueName":"search_term_string"}}],"inLanguage":"es"},{"@type":"Organization","@id":"https:\/\/losbichosdediego.com\/#organization","name":"Los bichos de Diego","url":"https:\/\/losbichosdediego.com\/","logo":{"@type":"ImageObject","inLanguage":"es","@id":"https:\/\/losbichosdediego.com\/#\/schema\/logo\/image\/","url":"https:\/\/losbichosdediego.com\/wp-content\/uploads\/2021\/01\/cropped-Logo_bichos.png","contentUrl":"https:\/\/losbichosdediego.com\/wp-content\/uploads\/2021\/01\/cropped-Logo_bichos.png","width":1200,"height":300,"caption":"Los bichos de Diego"},"image":{"@id":"https:\/\/losbichosdediego.com\/#\/schema\/logo\/image\/"}}]}},"_links":{"self":[{"href":"https:\/\/losbichosdediego.com\/index.php?rest_route=\/wp\/v2\/product\/154"}],"collection":[{"href":"https:\/\/losbichosdediego.com\/index.php?rest_route=\/wp\/v2\/product"}],"about":[{"href":"https:\/\/losbichosdediego.com\/index.php?rest_route=\/wp\/v2\/types\/product"}],"replies":[{"embeddable":true,"href":"https:\/\/losbichosdediego.com\/index.php?rest_route=%2Fwp%2Fv2%2Fcomments&post=154"}],"wp:featuredmedia":[{"embeddable":true,"href":"https:\/\/losbichosdediego.com\/index.php?rest_route=\/wp\/v2\/media\/155"}],"wp:attachment":[{"href":"https:\/\/losbichosdediego.com\/index.php?rest_route=%2Fwp%2Fv2%2Fmedia&parent=154"}],"wp:term":[{"taxonomy":"product_cat","embeddable":true,"href":"https:\/\/losbichosdediego.com\/index.php?rest_route=%2Fwp%2Fv2%2Fproduct_cat&post=154"},{"taxonomy":"product_tag","embeddable":true,"href":"https:\/\/losbichosdediego.com\/index.php?rest_route=%2Fwp%2Fv2%2Fproduct_tag&post=154"}],"curies":[{"name":"wp","href":"https:\/\/api.w.org\/{rel}","templated":true}]}}