{"id":158,"date":"2021-09-08T20:45:51","date_gmt":"2021-09-08T20:45:51","guid":{"rendered":"https:\/\/losbichosdediego.com\/?post_type=product&#038;p=158"},"modified":"2026-03-17T18:57:52","modified_gmt":"2026-03-17T17:57:52","slug":"arana-camello","status":"publish","type":"product","link":"https:\/\/losbichosdediego.com\/?product=arana-camello","title":{"rendered":"Ara\u00f1a Camello"},"content":{"rendered":"<p>Tiene cuatro patas a cada lado y dos largos quel\u00edceros (ap\u00e9ndices que tienen delante de la boca para atrapar sus presas). Algunos son nocturnos, como este que fotografiamos por la noche en el Estepar (Alcoi).<\/p>\n","protected":false},"excerpt":{"rendered":"<p><span>Estepar (Alcoi)<\/span><\/p>\n","protected":false},"featured_media":160,"comment_status":"open","ping_status":"closed","template":"","meta":[],"product_cat":[50,49],"product_tag":[],"class_list":{"0":"post-158","1":"product","2":"type-product","3":"status-publish","4":"has-post-thumbnail","6":"product_cat-aranas","7":"product_cat-terrestres","9":"first","10":"instock","11":"shipping-taxable","12":"product-type-simple"},"yoast_head":"<!-- This site is optimized with the Yoast SEO plugin v23.4 - https:\/\/yoast.com\/wordpress\/plugins\/seo\/ -->\n<title>Ara\u00f1a Camello - Los bichos de Diego<\/title>\n<meta name=\"robots\" content=\"index, follow, max-snippet:-1, max-image-preview:large, max-video-preview:-1\" \/>\n<link rel=\"canonical\" href=\"https:\/\/losbichosdediego.com\/?product=arana-camello\" \/>\n<meta property=\"og:locale\" content=\"es_ES\" \/>\n<meta property=\"og:type\" content=\"article\" \/>\n<meta property=\"og:title\" content=\"Ara\u00f1a Camello - Los bichos de Diego\" \/>\n<meta property=\"og:description\" content=\"Estepar (Alcoi)\" \/>\n<meta property=\"og:url\" content=\"https:\/\/losbichosdediego.com\/?product=arana-camello\" \/>\n<meta property=\"og:site_name\" content=\"Los bichos de Diego\" \/>\n<meta property=\"article:modified_time\" content=\"2026-03-17T17:57:52+00:00\" \/>\n<meta property=\"og:image\" content=\"https:\/\/losbichosdediego.com\/wp-content\/uploads\/2021\/09\/IMG_0397-1.jpg\" \/>\n\t<meta property=\"og:image:width\" content=\"1636\" \/>\n\t<meta property=\"og:image:height\" content=\"1636\" \/>\n\t<meta property=\"og:image:type\" content=\"image\/jpeg\" \/>\n<meta name=\"twitter:card\" content=\"summary_large_image\" \/>\n<meta name=\"twitter:label1\" content=\"Tiempo de lectura\" \/>\n\t<meta name=\"twitter:data1\" content=\"1 minuto\" \/>\n<script type=\"application\/ld+json\" class=\"yoast-schema-graph\">{\"@context\":\"https:\/\/schema.org\",\"@graph\":[{\"@type\":\"WebPage\",\"@id\":\"https:\/\/losbichosdediego.com\/?product=arana-camello\",\"url\":\"https:\/\/losbichosdediego.com\/?product=arana-camello\",\"name\":\"Ara\u00f1a Camello - Los bichos de Diego\",\"isPartOf\":{\"@id\":\"https:\/\/losbichosdediego.com\/#website\"},\"primaryImageOfPage\":{\"@id\":\"https:\/\/losbichosdediego.com\/?product=arana-camello#primaryimage\"},\"image\":{\"@id\":\"https:\/\/losbichosdediego.com\/?product=arana-camello#primaryimage\"},\"thumbnailUrl\":\"https:\/\/losbichosdediego.com\/wp-content\/uploads\/2021\/09\/IMG_0397-1.jpg\",\"datePublished\":\"2021-09-08T20:45:51+00:00\",\"dateModified\":\"2026-03-17T17:57:52+00:00\",\"breadcrumb\":{\"@id\":\"https:\/\/losbichosdediego.com\/?product=arana-camello#breadcrumb\"},\"inLanguage\":\"es\",\"potentialAction\":[{\"@type\":\"ReadAction\",\"target\":[\"https:\/\/losbichosdediego.com\/?product=arana-camello\"]}]},{\"@type\":\"ImageObject\",\"inLanguage\":\"es\",\"@id\":\"https:\/\/losbichosdediego.com\/?product=arana-camello#primaryimage\",\"url\":\"https:\/\/losbichosdediego.com\/wp-content\/uploads\/2021\/09\/IMG_0397-1.jpg\",\"contentUrl\":\"https:\/\/losbichosdediego.com\/wp-content\/uploads\/2021\/09\/IMG_0397-1.jpg\",\"width\":1636,\"height\":1636,\"caption\":\"Ara\u00f1a Camello\"},{\"@type\":\"BreadcrumbList\",\"@id\":\"https:\/\/losbichosdediego.com\/?product=arana-camello#breadcrumb\",\"itemListElement\":[{\"@type\":\"ListItem\",\"position\":1,\"name\":\"Home\",\"item\":\"https:\/\/losbichosdediego.com\/\"},{\"@type\":\"ListItem\",\"position\":2,\"name\":\"Bichos\",\"item\":\"https:\/\/losbichosdediego.com\/?page_id=7\"},{\"@type\":\"ListItem\",\"position\":3,\"name\":\"Ara\u00f1a Camello\"}]},{\"@type\":\"WebSite\",\"@id\":\"https:\/\/losbichosdediego.com\/#website\",\"url\":\"https:\/\/losbichosdediego.com\/\",\"name\":\"Los bichos de Diego\",\"description\":\"\",\"publisher\":{\"@id\":\"https:\/\/losbichosdediego.com\/#organization\"},\"potentialAction\":[{\"@type\":\"SearchAction\",\"target\":{\"@type\":\"EntryPoint\",\"urlTemplate\":\"https:\/\/losbichosdediego.com\/?s={search_term_string}\"},\"query-input\":{\"@type\":\"PropertyValueSpecification\",\"valueRequired\":true,\"valueName\":\"search_term_string\"}}],\"inLanguage\":\"es\"},{\"@type\":\"Organization\",\"@id\":\"https:\/\/losbichosdediego.com\/#organization\",\"name\":\"Los bichos de Diego\",\"url\":\"https:\/\/losbichosdediego.com\/\",\"logo\":{\"@type\":\"ImageObject\",\"inLanguage\":\"es\",\"@id\":\"https:\/\/losbichosdediego.com\/#\/schema\/logo\/image\/\",\"url\":\"https:\/\/losbichosdediego.com\/wp-content\/uploads\/2021\/01\/cropped-Logo_bichos.png\",\"contentUrl\":\"https:\/\/losbichosdediego.com\/wp-content\/uploads\/2021\/01\/cropped-Logo_bichos.png\",\"width\":1200,\"height\":300,\"caption\":\"Los bichos de Diego\"},\"image\":{\"@id\":\"https:\/\/losbichosdediego.com\/#\/schema\/logo\/image\/\"}}]}<\/script>\n<!-- \/ Yoast SEO plugin. -->","yoast_head_json":{"title":"Ara\u00f1a Camello - Los bichos de Diego","robots":{"index":"index","follow":"follow","max-snippet":"max-snippet:-1","max-image-preview":"max-image-preview:large","max-video-preview":"max-video-preview:-1"},"canonical":"https:\/\/losbichosdediego.com\/?product=arana-camello","og_locale":"es_ES","og_type":"article","og_title":"Ara\u00f1a Camello - Los bichos de Diego","og_description":"Estepar (Alcoi)","og_url":"https:\/\/losbichosdediego.com\/?product=arana-camello","og_site_name":"Los bichos de Diego","article_modified_time":"2026-03-17T17:57:52+00:00","og_image":[{"width":1636,"height":1636,"url":"https:\/\/losbichosdediego.com\/wp-content\/uploads\/2021\/09\/IMG_0397-1.jpg","type":"image\/jpeg"}],"twitter_card":"summary_large_image","twitter_misc":{"Tiempo de lectura":"1 minuto"},"schema":{"@context":"https:\/\/schema.org","@graph":[{"@type":"WebPage","@id":"https:\/\/losbichosdediego.com\/?product=arana-camello","url":"https:\/\/losbichosdediego.com\/?product=arana-camello","name":"Ara\u00f1a Camello - Los bichos de Diego","isPartOf":{"@id":"https:\/\/losbichosdediego.com\/#website"},"primaryImageOfPage":{"@id":"https:\/\/losbichosdediego.com\/?product=arana-camello#primaryimage"},"image":{"@id":"https:\/\/losbichosdediego.com\/?product=arana-camello#primaryimage"},"thumbnailUrl":"https:\/\/losbichosdediego.com\/wp-content\/uploads\/2021\/09\/IMG_0397-1.jpg","datePublished":"2021-09-08T20:45:51+00:00","dateModified":"2026-03-17T17:57:52+00:00","breadcrumb":{"@id":"https:\/\/losbichosdediego.com\/?product=arana-camello#breadcrumb"},"inLanguage":"es","potentialAction":[{"@type":"ReadAction","target":["https:\/\/losbichosdediego.com\/?product=arana-camello"]}]},{"@type":"ImageObject","inLanguage":"es","@id":"https:\/\/losbichosdediego.com\/?product=arana-camello#primaryimage","url":"https:\/\/losbichosdediego.com\/wp-content\/uploads\/2021\/09\/IMG_0397-1.jpg","contentUrl":"https:\/\/losbichosdediego.com\/wp-content\/uploads\/2021\/09\/IMG_0397-1.jpg","width":1636,"height":1636,"caption":"Ara\u00f1a Camello"},{"@type":"BreadcrumbList","@id":"https:\/\/losbichosdediego.com\/?product=arana-camello#breadcrumb","itemListElement":[{"@type":"ListItem","position":1,"name":"Home","item":"https:\/\/losbichosdediego.com\/"},{"@type":"ListItem","position":2,"name":"Bichos","item":"https:\/\/losbichosdediego.com\/?page_id=7"},{"@type":"ListItem","position":3,"name":"Ara\u00f1a Camello"}]},{"@type":"WebSite","@id":"https:\/\/losbichosdediego.com\/#website","url":"https:\/\/losbichosdediego.com\/","name":"Los bichos de Diego","description":"","publisher":{"@id":"https:\/\/losbichosdediego.com\/#organization"},"potentialAction":[{"@type":"SearchAction","target":{"@type":"EntryPoint","urlTemplate":"https:\/\/losbichosdediego.com\/?s={search_term_string}"},"query-input":{"@type":"PropertyValueSpecification","valueRequired":true,"valueName":"search_term_string"}}],"inLanguage":"es"},{"@type":"Organization","@id":"https:\/\/losbichosdediego.com\/#organization","name":"Los bichos de Diego","url":"https:\/\/losbichosdediego.com\/","logo":{"@type":"ImageObject","inLanguage":"es","@id":"https:\/\/losbichosdediego.com\/#\/schema\/logo\/image\/","url":"https:\/\/losbichosdediego.com\/wp-content\/uploads\/2021\/01\/cropped-Logo_bichos.png","contentUrl":"https:\/\/losbichosdediego.com\/wp-content\/uploads\/2021\/01\/cropped-Logo_bichos.png","width":1200,"height":300,"caption":"Los bichos de Diego"},"image":{"@id":"https:\/\/losbichosdediego.com\/#\/schema\/logo\/image\/"}}]}},"_links":{"self":[{"href":"https:\/\/losbichosdediego.com\/index.php?rest_route=\/wp\/v2\/product\/158"}],"collection":[{"href":"https:\/\/losbichosdediego.com\/index.php?rest_route=\/wp\/v2\/product"}],"about":[{"href":"https:\/\/losbichosdediego.com\/index.php?rest_route=\/wp\/v2\/types\/product"}],"replies":[{"embeddable":true,"href":"https:\/\/losbichosdediego.com\/index.php?rest_route=%2Fwp%2Fv2%2Fcomments&post=158"}],"wp:featuredmedia":[{"embeddable":true,"href":"https:\/\/losbichosdediego.com\/index.php?rest_route=\/wp\/v2\/media\/160"}],"wp:attachment":[{"href":"https:\/\/losbichosdediego.com\/index.php?rest_route=%2Fwp%2Fv2%2Fmedia&parent=158"}],"wp:term":[{"taxonomy":"product_cat","embeddable":true,"href":"https:\/\/losbichosdediego.com\/index.php?rest_route=%2Fwp%2Fv2%2Fproduct_cat&post=158"},{"taxonomy":"product_tag","embeddable":true,"href":"https:\/\/losbichosdediego.com\/index.php?rest_route=%2Fwp%2Fv2%2Fproduct_tag&post=158"}],"curies":[{"name":"wp","href":"https:\/\/api.w.org\/{rel}","templated":true}]}}